{"id":2,"date":"2024-01-23T14:37:40","date_gmt":"2024-01-23T14:37:40","guid":{"rendered":"https:\/\/wir-midanaund.at\/?page_id=2"},"modified":"2024-03-19T11:29:39","modified_gmt":"2024-03-19T11:29:39","slug":"sample-page","status":"publish","type":"page","link":"https:\/\/wir-midanaund.at\/?page_id=2","title":{"rendered":"Verein"},"content":{"rendered":"<div data-colibri-id=\"2-c1\" class=\"style-608 style-local-2-c1 position-relative\">\n  <!---->\n  <div data-colibri-component=\"section\" data-colibri-id=\"2-c2\" id=\"initial-content\" class=\"h-section h-section-global-spacing d-flex align-items-lg-center align-items-md-center align-items-center style-609 style-local-2-c2 position-relative\">\n    <!---->\n    <!---->\n    <div class=\"h-section-grid-container h-section-boxed-container\">\n      <!---->\n      <div data-colibri-id=\"2-c3\" class=\"h-row-container gutters-row-lg-2 gutters-row-md-2 gutters-row-0 gutters-row-v-lg-2 gutters-row-v-md-2 gutters-row-v-2 style-613 style-local-2-c3 position-relative\">\n        <!---->\n        <div class=\"h-row justify-content-lg-center justify-content-md-center justify-content-center align-items-lg-stretch align-items-md-stretch align-items-stretch gutters-col-lg-2 gutters-col-md-2 gutters-col-0 gutters-col-v-lg-2 gutters-col-v-md-2 gutters-col-v-2\">\n          <!---->\n          <div class=\"h-column h-column-container d-flex h-col-lg-auto h-col-md-auto h-col-auto style-641-outer style-local-2-c32-outer\">\n            <div data-colibri-id=\"2-c32\" class=\"d-flex h-flex-basis h-column__inner h-px-lg-2 h-px-md-2 h-px-2 v-inner-lg-2 v-inner-md-2 v-inner-2 style-641 style-local-2-c32 position-relative\">\n              <!---->\n              <!---->\n              <div class=\"w-100 h-y-container h-column__content h-column__v-align flex-basis-100 align-self-lg-start align-self-md-start align-self-start\">\n                <!---->\n                <div data-colibri-id=\"2-c33\" class=\"h-text h-text-component style-642 style-local-2-c33 position-relative h-element\">\n                  <!---->\n                  <!---->\n                  <div class=\"\">\n                    <p>\n                      <br>I<\/p>\n                    <p>M<\/p>\n                    <p>P<\/p>\n                    <p>R<\/p>\n                    <p>E<\/p>\n                    <p>S<\/p>\n                    <p>S<\/p>\n                    <p>U<\/p>\n                    <p>M<\/p>\n                  <\/div>\n                <\/div>\n              <\/div>\n            <\/div>\n          <\/div>\n          <div class=\"h-column h-column-container d-flex h-col-lg-auto h-col-md-auto h-col-auto style-614-outer style-local-2-c4-outer\">\n            <div data-colibri-id=\"2-c4\" class=\"d-flex h-flex-basis h-column__inner h-px-lg-2 h-px-md-2 h-px-2 v-inner-lg-2 v-inner-md-2 v-inner-2 style-614 style-local-2-c4 position-relative\">\n              <!---->\n              <!---->\n              <div class=\"w-100 h-y-container h-column__content h-column__v-align flex-basis-100 align-self-lg-start align-self-md-start align-self-start\">\n                <!---->\n                <div data-colibri-id=\"2-c5\" class=\"h-text h-text-component style-615 style-local-2-c5 position-relative h-element\">\n                  <!---->\n                  <!---->\n                  <div class=\"\">\n                    <p>\n                      <br>\n                    <\/p>\n                    <p>Verein &#8222;Wir midanaund&#8220;<\/p>\n                    <p>\n                      <br>\n                    <\/p>\n                    <p>Obfrau: Claudia Bachmair<\/p>\n                    <p>Adresse: Hauptstra\u00dfe 21, 4565 Inzersdorf&nbsp;<\/p>\n                    <p>\n                      <br>\n                    <\/p>\n                    <p>E-Mail: kontakt@wir-midanaund.at<\/p>\n                    <p>\n                      <br>\n                    <\/p>\n                    <p>Vereinsregister: ZVR 1737162748<\/p>\n                    <p>\n                      <br>\n                    <\/p>\n                  <\/div>\n                <\/div>\n              <\/div>\n            <\/div>\n          <\/div>\n        <\/div>\n      <\/div>\n      <div data-colibri-id=\"2-c6\" class=\"h-row-container gutters-row-lg-2 gutters-row-md-2 gutters-row-0 gutters-row-v-lg-2 gutters-row-v-md-2 gutters-row-v-2 style-610 style-local-2-c6 position-relative\">\n        <!---->\n        <div class=\"h-row justify-content-lg-center justify-content-md-center justify-content-center align-items-lg-stretch align-items-md-stretch align-items-stretch gutters-col-lg-2 gutters-col-md-2 gutters-col-0 gutters-col-v-lg-2 gutters-col-v-md-2 gutters-col-v-2\">\n          <!---->\n          <div class=\"h-column h-column-container d-flex h-col-lg-auto h-col-md-auto h-col-auto style-611-outer style-local-2-c7-outer\">\n            <div data-colibri-id=\"2-c7\" class=\"d-flex h-flex-basis h-column__inner h-px-lg-2 h-px-md-2 h-px-2 v-inner-lg-2 v-inner-md-2 v-inner-2 style-611 style-local-2-c7 position-relative\">\n              <!---->\n              <!---->\n              <div class=\"w-100 h-y-container h-column__content h-column__v-align flex-basis-100 align-self-lg-start align-self-md-start align-self-start\">\n                <!---->\n                <div data-colibri-id=\"2-c8\" class=\"h-text h-text-component style-617 style-local-2-c8 position-relative h-element\">\n                  <!---->\n                  <!---->\n                  <div class=\"\">\n                    <p>Unser Dank an:<\/p>\n                    <p>Thiel Benedict \u2013 Fotos<\/p>\n                    <p>innoHD GmbH &#8211; Domain, Hosting, Website<\/p>\n                    <p>\n                      <br>\n                    <\/p>\n                  <\/div>\n                <\/div>\n              <\/div>\n            <\/div>\n          <\/div>\n        <\/div>\n      <\/div>\n    <\/div>\n  <\/div>\n  <div data-colibri-component=\"section\" data-colibri-id=\"2-c15\" id=\"blank\" class=\"h-section h-section-global-spacing d-flex align-items-lg-center align-items-md-center align-items-center style-624 style-local-2-c15 position-relative\">\n    <!---->\n    <!---->\n    <div class=\"h-section-grid-container h-section-boxed-container\">\n      <!---->\n      <div data-colibri-id=\"2-c16\" class=\"h-row-container gutters-row-lg-2 gutters-row-md-2 gutters-row-0 gutters-row-v-lg-2 gutters-row-v-md-2 gutters-row-v-2 style-625 style-local-2-c16 position-relative\">\n        <!---->\n        <div class=\"h-row justify-content-lg-center justify-content-md-center justify-content-center align-items-lg-stretch align-items-md-stretch align-items-stretch gutters-col-lg-2 gutters-col-md-2 gutters-col-0 gutters-col-v-lg-2 gutters-col-v-md-2 gutters-col-v-2\">\n          <!---->\n          <div class=\"h-column h-column-container d-flex h-col-lg-auto h-col-md-auto h-col-auto style-626-outer style-local-2-c17-outer\">\n            <div data-colibri-id=\"2-c17\" class=\"d-flex h-flex-basis h-column__inner h-px-lg-2 h-px-md-2 h-px-2 v-inner-lg-2 v-inner-md-2 v-inner-2 style-626 style-local-2-c17 position-relative\">\n              <!---->\n              <!---->\n              <div class=\"w-100 h-y-container h-column__content h-column__v-align flex-basis-100 align-self-lg-start align-self-md-start align-self-start\">\n                <!---->\n                <div data-colibri-id=\"2-c31\" class=\"h-text h-text-component style-640 style-local-2-c31 position-relative h-element\">\n                  <!---->\n                  <!---->\n                  <div class=\"\">\n                    <p><strong>DATENSCHUTZGRUNDVERORDNUNG<\/strong><\/p>\n                    <p><strong>Haftungsausschluss<\/strong><\/p>\n                    <p>Haftung f\u00fcr Inhalte<\/p>\n                    <p>Die Inhalte dieser Website wurden mit gr\u00f6\u00dfter Sorgfalt erstellt. F\u00fcr die Richtigkeit, Vollst\u00e4ndigkeit und Aktualit\u00e4t der Inhalte kann jedoch keine Gew\u00e4hr \u00fcbernommen werden. Die Angaben dienen der unverbindlichen, allgemeinen Information.\n                      Jegliche Haftung f\u00fcr Sch\u00e4den, die direkt oder indirekt aus der Benutzung dieser Website oder durch das Herunterladen von Daten von dieser Website entstehen wird ausgeschlossen.<\/p>\n                    <p>Haftung f\u00fcr Links<\/p>\n                    <p>Sofern diese Website Links zu externen Websites Dritter enth\u00e4lt, besteht auf deren Inhalte kein Einfluss. Deswegen wird f\u00fcr diese fremden Inhalte auch keine Gew\u00e4hr \u00fcbernommen. F\u00fcr die Inhalte der verlinkten Websites ist stets der oder\n                      die jeweiligen AnbieterIn oder BetreiberIn der Website verantwortlich. Bei Bekanntwerden von Rechtsverletzungen oder bedenklichen Inhalten werden allf\u00e4llig bestehende Links umgehend entfernt.<\/p>\n                    <p>Copyright, Marken- und Schutzrechte<\/p>\n                    <p>Alle erstellten Inhalte und Werke auf dieser Website sind urheberrechtlich weltweit gesch\u00fctzt. Alle Rechte sind somit vorbehalten. Texte und Bilder unterliegen dem Schutz des Urheberrechts und anderer Schutzgesetze. Der Inhalt darf\n                      nicht zu kommerziellen Zwecken kopiert, verbreitet, ver\u00e4ndert oder Dritten zug\u00e4nglich gemacht werden. Jede Nutzung, insbesondere die Speicherung in Datenbanken, Vervielf\u00e4ltigung, Verbreitung, Bearbeitung und jede Form von gewerblicher\n                      Nutzung sowie die Weitergabe an Dritte \u2013 auch in Teilen oder in \u00fcberarbeiteter Form \u2013 ist ohne meine Zustimmung als Autor bzw. Seitenbetreiber untersagt. Soweit die Inhalte auf dieser Website nicht von uns erstellt wurden, werden\n                      die Urheberrechte Dritter beachtet. Sollten trotzdem Urheberrechtsverletzungen bekannt werden, wird um einen entsprechenden Hinweis gebeten. Bei Bekanntwerden von Rechtsverletzungen werden derartige Inhalte umgehend entfernt.<\/p>\n                    <p>Die Bilder und Fotos auf dieser Website sind urheberrechtlich gesch\u00fctzt. Die Bilderrechte liegen bei Thiel Benedict und Erika Stadlhuber.<\/p>\n                    <p><strong>Verschwiegenheit<\/strong><\/p>\n                    <p>Alle Informationen und Inhalte im Rahmen von Aktionen des gegenst\u00e4ndlichen Vereins unterliegen der Verschwiegenheitspflicht.<\/p>\n                    <p><strong>Datenschutzerkl\u00e4rung<\/strong><\/p>\n                    <p>Ich freue mich \u00fcber Ihr Interesse an unserer Website. Da uns der Schutz Ihrer Privatsph\u00e4re sehr wichtig ist, informieren wir Sie gerne ausf\u00fchrlich \u00fcber den Umgang mit Ihren Daten und versichern Ihnen, dass wir Ihre personenbezogenen\n                      Daten vertraulich behandlen<\/p>\n                    <p>Ihre Daten werden ausschlie\u00dflich auf Grundlage der gesetzlichen Bestimmungen (DSGVO, TKG 2003) verarbeitet, allerdings weisen wir Sie darauf hin, dass die Daten\u00fcbertragung im Internet (bei der Kommunikation per E-Mail, etc.) oder auch\n                      die Nutzung von Diensten wie facebook oder Whatsapp&nbsp;grunds\u00e4tzlich mit Sicherheitsl\u00fccken bedacht sein kann und ein vollumf\u00e4nglicher Schutz vor dem Zugriff durch Fremde nicht realisierbar ist.<\/p>\n                    <p><strong>Umgang mit personenbezogenen Daten<\/strong><\/p>\n                    <p>Die Nutzung unserer Website inklusive aller Unterseiten ist grunds\u00e4tzlich ohne Angabe von personenbezogenen Daten m\u00f6glich. Soweit auf den Seiten personenbezogene Daten (Name, E-Mail-Adresse, etc.) erhoben werden, erfolgt dies, soweit\n                      m\u00f6glich, stets auf freiwilliger Basis.<\/p>\n                    <p>Wenn Sie per E-Mail Kontakt mit&nbsp;uns aufnehmen, werden Ihre angegebenen Daten zwecks Bearbeitung der Anfrage und f\u00fcr den Fall von Anschlussfragen bei uns gespeichert. Diese Daten geben wir nicht ohne Ihre Einwilligung an Dritte\n                      weiter. Zudem werden diese Daten von uns wieder gel\u00f6scht, sobald die Anfrage bearbeitet wurde.<\/p>\n                    <p>Als personenbezogene Daten gelten s\u00e4mtliche Informationen, welche dazu dienen, Ihre Person zu bestimmen und welche zu Ihnen zur\u00fcckverfolgt werden k\u00f6nnen. Beispielsweise Ihr Name, Ihre E-Mail-Adresse und Telefonnummer.<\/p>\n                    <p><strong>Hinweise zur Datenverarbeitung im Zusammenhang mit Google Analytics<\/strong><\/p>\n                    <p>N\u00e4here Informationen zu den Google Nutzungsbedingungen und Datenschutz finden sich unter den\n                      <a href=\"https:\/\/www.google.com\/analytics\/terms\/de.html\" class=\"customize-unpreviewable\">Google Analytics Bedingungen<\/a> bzw. unter der\n                      <a href=\"https:\/\/www.google.com\/intl\/de\/policies\/privacy\/index.html\/#Datenschutzerkl%C3%A4rung\" class=\"customize-unpreviewable\">Google Analytics \u00dcbersicht<\/a>.<\/p>\n                    <p><strong>Rechte des Seitenbesuchers\/Nutzers<\/strong><\/p>\n                    <p>Gem\u00e4\u00df der einschl\u00e4gigen Gesetzgebung und der DSGVO haben Sie in Bezug auf Ihre personenbezogenen Daten, die \u00fcber diese Google Analytics Datenverarbeitung verarbeitet werden, bestimmte Rechte. Insbesondere haben Sie ein Recht auf Auskunft,\n                      Berichtigung, Daten\u00fcbertragbarkeit bzw. L\u00f6schung Ihrer Daten und ein Recht auf Daten\u00fcbertragbarkeit. Sie haben bez\u00fcglich bestimmter Verarbeitungen Ihrer Daten auch das Recht auf Widerspruch. Zur Wahrnehmung dieser Betroffenenrechte\n                      bez\u00fcglich der Google Analytics Datenverarbeitung &#8211; sofern auf dieser Seite verwendet -, k\u00f6nnen Sie sich als Betroffener jederzeit an uns wenden. Unsere Kontaktdaten finden Sie im Impressum.<\/p>\n                  <\/div>\n                <\/div>\n              <\/div>\n            <\/div>\n          <\/div>\n        <\/div>\n      <\/div>\n    <\/div>\n  <\/div>\n<\/div>","protected":false},"excerpt":{"rendered":"<p>I M P R E S S U M Verein &#8222;Wir midanaund&#8220; Obfrau: Claudia Bachmair Adresse: Hauptstra\u00dfe 21, 4565 Inzersdorf&nbsp; E-Mail: kontakt@wir-midanaund.at Vereinsregister: ZVR 1737162748 Unser Dank an: Thiel Benedict \u2013 Fotos innoHD GmbH &#8211; Domain, Hosting, Website DATENSCHUTZGRUNDVERORDNUNG Haftungsausschluss Haftung f\u00fcr Inhalte Die Inhalte dieser Website wurden mit gr\u00f6\u00dfter Sorgfalt erstellt. F\u00fcr die Richtigkeit, [&hellip;]<\/p>\n","protected":false},"author":1,"featured_media":0,"parent":0,"menu_order":0,"comment_status":"closed","ping_status":"closed","template":"page-templates\/full-width-page.php","meta":{"footnotes":""},"class_list":["post-2","page","type-page","status-publish","hentry"],"_links":{"self":[{"href":"https:\/\/wir-midanaund.at\/index.php?rest_route=\/wp\/v2\/pages\/2","targetHints":{"allow":["GET"]}}],"collection":[{"href":"https:\/\/wir-midanaund.at\/index.php?rest_route=\/wp\/v2\/pages"}],"about":[{"href":"https:\/\/wir-midanaund.at\/index.php?rest_route=\/wp\/v2\/types\/page"}],"author":[{"embeddable":true,"href":"https:\/\/wir-midanaund.at\/index.php?rest_route=\/wp\/v2\/users\/1"}],"replies":[{"embeddable":true,"href":"https:\/\/wir-midanaund.at\/index.php?rest_route=%2Fwp%2Fv2%2Fcomments&post=2"}],"version-history":[{"count":8,"href":"https:\/\/wir-midanaund.at\/index.php?rest_route=\/wp\/v2\/pages\/2\/revisions"}],"predecessor-version":[{"id":451,"href":"https:\/\/wir-midanaund.at\/index.php?rest_route=\/wp\/v2\/pages\/2\/revisions\/451"}],"wp:attachment":[{"href":"https:\/\/wir-midanaund.at\/index.php?rest_route=%2Fwp%2Fv2%2Fmedia&parent=2"}],"curies":[{"name":"wp","href":"https:\/\/api.w.org\/{rel}","templated":true}]}}